{"id":611,"date":"2019-08-07T14:21:26","date_gmt":"2019-08-07T14:21:26","guid":{"rendered":"https:\/\/www.bridges-program.org\/?page_id=611"},"modified":"2025-09-20T19:38:04","modified_gmt":"2025-09-20T19:38:04","slug":"quienes-somos","status":"publish","type":"page","link":"https:\/\/www.bridges-program.org\/?page_id=611&lang=es","title":{"rendered":"\u00bfQui\u00e9nes somos?"},"content":{"rendered":"\n<p id=\"childrenfed\"><\/p>\n\n\n\n<div style=\"height:83px\" aria-hidden=\"true\" class=\"wp-block-spacer\"><\/div>\n\n\n\n<h1 class=\"has-text-align-center wp-block-heading\" style=\"text-transform:none\">Acerca de Children FED<\/h1>\n\n\n\n<div class=\"wp-block-columns is-layout-flex wp-container-core-columns-is-layout-9d6595d7 wp-block-columns-is-layout-flex\">\n<div class=\"wp-block-column is-layout-flow wp-block-column-is-layout-flow\" style=\"flex-basis:100%\">\n<div style=\"height:19px\" aria-hidden=\"true\" class=\"wp-block-spacer\"><\/div>\n\n\n\n<div class=\"wp-block-columns is-layout-flex wp-container-core-columns-is-layout-9d6595d7 wp-block-columns-is-layout-flex\">\n<div class=\"wp-block-column is-layout-flow wp-block-column-is-layout-flow\" style=\"flex-basis:25%\"><\/div>\n\n\n\n<div class=\"wp-block-column is-layout-flow wp-block-column-is-layout-flow\" style=\"flex-basis:50%\">\n<p class=\"has-text-align-center\">Children Fed fue creado en 2016 para apoyar las necesidades de personas y familias que buscan recursos para adopci\u00f3n. El IRS nos reconoci\u00f3 oficialmente como organizaci\u00f3n exenta de impuestos en diciembre de 2016.<\/p>\n\n\n\n<p class=\"has-text-align-center\">Con el transcurso de los siguientes a\u00f1os, nos dimos cuenta de la gran necesidad de apoyar y equipar individuos, familias y organizaciones al frente de cuidado de ni\u00f1os en riesgo. Quer\u00edamos crear un medio de proveer recursos educativos y financieros para satisfacer las diversas necesidades alrededor del mundo. Nos ha entusiamado asociarnos con familias, escuelas y otras organizaciones para impactar positivamente las vidas de los cuidadores y los ni\u00f1os de todos los \u00e1mbitos de la vida<\/p>\n\n\n\n<p class=\"has-text-align-center\">Visita nuestro <a href=\"https:\/\/www.childrenfed.org\/\" data-type=\"URL\" data-id=\"https:\/\/www.childrenfed.org\/\">sitio web<\/a> para aprender m\u00e1s sobre Children FED.<\/p>\n\n\n\n<p class=\"has-text-align-center\"><\/p>\n<\/div>\n\n\n\n<div class=\"wp-block-column is-layout-flow wp-block-column-is-layout-flow\" style=\"flex-basis:25%\"><\/div>\n<\/div>\n\n\n\n<div class=\"wp-block-columns is-layout-flex wp-container-core-columns-is-layout-9d6595d7 wp-block-columns-is-layout-flex\">\n<div class=\"wp-block-column is-layout-flow wp-block-column-is-layout-flow\"><\/div>\n\n\n\n<div class=\"wp-block-column is-layout-flow wp-block-column-is-layout-flow\" id=\"bridges\">\n<hr class=\"wp-block-separator has-alpha-channel-opacity\"\/>\n<\/div>\n\n\n\n<div class=\"wp-block-column is-layout-flow wp-block-column-is-layout-flow\"><\/div>\n<\/div>\n<\/div>\n<\/div>\n\n\n\n<h1 class=\"has-text-align-center wp-block-heading\" style=\"text-transform:none\">Acerca de Bridges Program<\/h1>\n\n\n\n<div style=\"height:19px\" aria-hidden=\"true\" class=\"wp-block-spacer\"><\/div>\n\n\n\n<div class=\"wp-block-columns is-layout-flex wp-container-core-columns-is-layout-9d6595d7 wp-block-columns-is-layout-flex\">\n<div class=\"wp-block-column is-layout-flow wp-block-column-is-layout-flow\" style=\"flex-basis:25%\"><\/div>\n\n\n\n<div class=\"wp-block-column is-layout-flow wp-block-column-is-layout-flow\" style=\"flex-basis:50%\">\n<p class=\"has-text-align-center\">El Programa Bridges fue creado en 2018 como respuesta a la creciente conciencia sobre las necesidades financieras de las organizaciones asociadas que ayudan a ni\u00f1os en situaci\u00f3n de riesgo. El programa es una divisi\u00f3n de Children FED y busca exclusivamente conectar a donantes, tanto a nivel nacional como internacional, con el fin de facilitar la distribuci\u00f3n financiera a organizaciones que ya est\u00e1n trabajando en el cuidado de ni\u00f1os hu\u00e9rfanos y empobrecidos en los Estados Unidos y en el extranjero.<\/p>\n\n\n\n<div style=\"height:100px\" aria-hidden=\"true\" class=\"wp-block-spacer\"><\/div>\n<\/div>\n\n\n\n<div class=\"wp-block-column is-layout-flow wp-block-column-is-layout-flow\" style=\"flex-basis:25%\"><\/div>\n<\/div>\n","protected":false},"excerpt":{"rendered":"<p>Acerca de Children FED Children Fed fue creado en 2016 para apoyar las necesidades de personas y familias que buscan recursos para adopci\u00f3n. El IRS nos reconoci\u00f3 oficialmente como organizaci\u00f3n exenta de impuestos en diciembre de 2016. Con el transcurso de los siguientes a\u00f1os, nos dimos cuenta de la gran necesidad de apoyar y equipar<\/p>\n","protected":false},"author":1,"featured_media":0,"parent":0,"menu_order":0,"comment_status":"closed","ping_status":"closed","template":"","meta":{"footnotes":""},"class_list":["post-611","page","type-page","status-publish","hentry"],"acf":[],"_links":{"self":[{"href":"https:\/\/www.bridges-program.org\/index.php?rest_route=\/wp\/v2\/pages\/611","targetHints":{"allow":["GET"]}}],"collection":[{"href":"https:\/\/www.bridges-program.org\/index.php?rest_route=\/wp\/v2\/pages"}],"about":[{"href":"https:\/\/www.bridges-program.org\/index.php?rest_route=\/wp\/v2\/types\/page"}],"author":[{"embeddable":true,"href":"https:\/\/www.bridges-program.org\/index.php?rest_route=\/wp\/v2\/users\/1"}],"replies":[{"embeddable":true,"href":"https:\/\/www.bridges-program.org\/index.php?rest_route=%2Fwp%2Fv2%2Fcomments&post=611"}],"version-history":[{"count":25,"href":"https:\/\/www.bridges-program.org\/index.php?rest_route=\/wp\/v2\/pages\/611\/revisions"}],"predecessor-version":[{"id":2103,"href":"https:\/\/www.bridges-program.org\/index.php?rest_route=\/wp\/v2\/pages\/611\/revisions\/2103"}],"wp:attachment":[{"href":"https:\/\/www.bridges-program.org\/index.php?rest_route=%2Fwp%2Fv2%2Fmedia&parent=611"}],"curies":[{"name":"wp","href":"https:\/\/api.w.org\/{rel}","templated":true}]}}