{"id":651,"date":"2019-08-07T19:41:02","date_gmt":"2019-08-07T19:41:02","guid":{"rendered":"https:\/\/www.bridges-program.org\/?page_id=651"},"modified":"2026-02-21T16:04:41","modified_gmt":"2026-02-21T16:04:41","slug":"donar","status":"publish","type":"page","link":"https:\/\/www.bridges-program.org\/?page_id=651&lang=es","title":{"rendered":"Donar"},"content":{"rendered":"<h3>Apoya la causa!<\/h3>\n<p>100% de tu donaci\u00f3n ayuda a satisfacer las necesidades de los ni\u00f1os en riesgo en todo el mundo. Tu donaci\u00f3n es deducible de impuestos seg\u00fan las normas del IRS para organizaciones 501c3.<\/p>\n","protected":false},"excerpt":{"rendered":"<p>Apoya la causa! 100% de tu donaci\u00f3n ayuda a satisfacer las necesidades de los ni\u00f1os en riesgo en todo el mundo. Tu donaci\u00f3n es deducible de impuestos seg\u00fan las normas del IRS para organizaciones 501c3.<\/p>\n","protected":false},"author":1,"featured_media":0,"parent":0,"menu_order":0,"comment_status":"closed","ping_status":"closed","template":"page-donate-form-es.php","meta":{"footnotes":""},"class_list":["post-651","page","type-page","status-publish","hentry"],"acf":[],"_links":{"self":[{"href":"https:\/\/www.bridges-program.org\/index.php?rest_route=\/wp\/v2\/pages\/651","targetHints":{"allow":["GET"]}}],"collection":[{"href":"https:\/\/www.bridges-program.org\/index.php?rest_route=\/wp\/v2\/pages"}],"about":[{"href":"https:\/\/www.bridges-program.org\/index.php?rest_route=\/wp\/v2\/types\/page"}],"author":[{"embeddable":true,"href":"https:\/\/www.bridges-program.org\/index.php?rest_route=\/wp\/v2\/users\/1"}],"replies":[{"embeddable":true,"href":"https:\/\/www.bridges-program.org\/index.php?rest_route=%2Fwp%2Fv2%2Fcomments&post=651"}],"version-history":[{"count":11,"href":"https:\/\/www.bridges-program.org\/index.php?rest_route=\/wp\/v2\/pages\/651\/revisions"}],"predecessor-version":[{"id":2130,"href":"https:\/\/www.bridges-program.org\/index.php?rest_route=\/wp\/v2\/pages\/651\/revisions\/2130"}],"wp:attachment":[{"href":"https:\/\/www.bridges-program.org\/index.php?rest_route=%2Fwp%2Fv2%2Fmedia&parent=651"}],"curies":[{"name":"wp","href":"https:\/\/api.w.org\/{rel}","templated":true}]}}